{"id":23,"date":"2013-03-10T11:58:02","date_gmt":"2013-03-10T11:58:02","guid":{"rendered":"http:\/\/www.rekorder.ch\/?page_id=23"},"modified":"2023-01-04T16:50:27","modified_gmt":"2023-01-04T16:50:27","slug":"mischen","status":"publish","type":"page","link":"https:\/\/rekorder.ch\/?page_id=23","title":{"rendered":"Abmischen"},"content":{"rendered":"<p><span style=\"text-decoration: underline;\"><strong>Schaffen der richtigen Balance<\/strong><\/span><\/p>\n<p>Du hast\u00a0 zu Hause einige Einzelspuren aufgenommen, und m\u00f6chtest diese nun zu einem fertigen Song abmischen?<br \/>\nDir fehlt f\u00fcr die Beurteilung des Mixes aber die geeignete Abh\u00f6re\/Raumakustik?<br \/>\nMelde dich bei Rekorder!<\/p>\n<p>Durch die differenzierte\u00a0 Mixdown-Akustik im Regieraum, gelingen im Rekorder-Tonstudio<br \/>\nAbmischungen mit sehr guter Balance. Hier kann die Diffusor-R\u00fcckwand ihre St\u00e4rken voll ausspielen.<\/p>\n<p>F\u00fcr die Abmischung wird zentral Samplitude 8 mit einer Auswahl von ausgesuchten Native-Plugins<br \/>\nverwendet. Auf Wunsch ist aus Samplitude hinaus auch eine achtkanalige Analogsummierung im<br \/>\nexternen Soundtracs-Mischpult m\u00f6glich (fett).<\/p>\n<p>Als Ausgangsmaterial dienen Einzelspuren, bevorzugt im .wav-Format (16 oder 24 Bit).<br \/>\nAls Datenmedium sind CD&#8217;s oder eine externe USB-Festplatte\/Sticks m\u00f6glich.<\/p>\n<p>&nbsp;<\/p>\n","protected":false},"excerpt":{"rendered":"<p>Schaffen der richtigen Balance Du hast\u00a0 zu Hause einige Einzelspuren aufgenommen, und m\u00f6chtest diese nun zu einem fertigen Song abmischen? Dir fehlt f\u00fcr die Beurteilung des Mixes aber die geeignete Abh\u00f6re\/Raumakustik? Melde dich bei Rekorder! Durch die differenzierte\u00a0 Mixdown-Akustik im Regieraum, gelingen im Rekorder-Tonstudio Abmischungen mit sehr guter Balance. Hier kann die Diffusor-R\u00fcckwand ihre St\u00e4rken [&hellip;]<\/p>\n","protected":false},"author":1,"featured_media":0,"parent":0,"menu_order":0,"comment_status":"closed","ping_status":"closed","template":"","meta":{"footnotes":""},"class_list":["post-23","page","type-page","status-publish","hentry"],"_links":{"self":[{"href":"https:\/\/rekorder.ch\/index.php?rest_route=\/wp\/v2\/pages\/23","targetHints":{"allow":["GET"]}}],"collection":[{"href":"https:\/\/rekorder.ch\/index.php?rest_route=\/wp\/v2\/pages"}],"about":[{"href":"https:\/\/rekorder.ch\/index.php?rest_route=\/wp\/v2\/types\/page"}],"author":[{"embeddable":true,"href":"https:\/\/rekorder.ch\/index.php?rest_route=\/wp\/v2\/users\/1"}],"replies":[{"embeddable":true,"href":"https:\/\/rekorder.ch\/index.php?rest_route=%2Fwp%2Fv2%2Fcomments&post=23"}],"version-history":[{"count":1,"href":"https:\/\/rekorder.ch\/index.php?rest_route=\/wp\/v2\/pages\/23\/revisions"}],"predecessor-version":[{"id":254,"href":"https:\/\/rekorder.ch\/index.php?rest_route=\/wp\/v2\/pages\/23\/revisions\/254"}],"wp:attachment":[{"href":"https:\/\/rekorder.ch\/index.php?rest_route=%2Fwp%2Fv2%2Fmedia&parent=23"}],"curies":[{"name":"wp","href":"https:\/\/api.w.org\/{rel}","templated":true}]}}